{"id":1294,"date":"2024-04-07T09:19:57","date_gmt":"2024-04-07T07:19:57","guid":{"rendered":"https:\/\/aleeco.pl\/?page_id=1294"},"modified":"2024-04-07T10:04:47","modified_gmt":"2024-04-07T08:04:47","slug":"tylko-u-nas","status":"publish","type":"page","link":"https:\/\/aleeco.pl\/index.php\/tylko-u-nas\/","title":{"rendered":"Tylko u nas"},"content":{"rendered":"\t\t<div data-elementor-type=\"wp-page\" data-elementor-id=\"1294\" class=\"elementor elementor-1294\">\n\t\t\t\t\t\t<section class=\"elementor-section elementor-top-section elementor-element elementor-element-408f1a4 elementor-section-boxed elementor-section-height-default elementor-section-height-default\" data-id=\"408f1a4\" data-element_type=\"section\">\n\t\t\t\t\t\t<div class=\"elementor-container elementor-column-gap-default\">\n\t\t\t\t\t<div class=\"elementor-column elementor-col-100 elementor-top-column elementor-element elementor-element-fa93adb\" data-id=\"fa93adb\" data-element_type=\"column\">\n\t\t\t<div class=\"elementor-widget-wrap elementor-element-populated\">\n\t\t\t\t\t\t<section class=\"elementor-section elementor-inner-section elementor-element elementor-element-bc745d7 elementor-section-boxed elementor-section-height-default elementor-section-height-default\" data-id=\"bc745d7\" data-element_type=\"section\">\n\t\t\t\t\t\t<div class=\"elementor-container elementor-column-gap-default\">\n\t\t\t\t\t<div class=\"elementor-column elementor-col-50 elementor-inner-column elementor-element elementor-element-20c37ec\" data-id=\"20c37ec\" data-element_type=\"column\">\n\t\t\t<div class=\"elementor-widget-wrap elementor-element-populated\">\n\t\t\t\t\t\t<div class=\"elementor-element elementor-element-9bf1f28 elementor-widget elementor-widget-image\" data-id=\"9bf1f28\" data-element_type=\"widget\" data-widget_type=\"image.default\">\n\t\t\t\t<div class=\"elementor-widget-container\">\n\t\t\t<style>\/*! elementor - v3.21.0 - 26-05-2024 *\/\n.elementor-widget-image{text-align:center}.elementor-widget-image a{display:inline-block}.elementor-widget-image a img[src$=\".svg\"]{width:48px}.elementor-widget-image img{vertical-align:middle;display:inline-block}<\/style>\t\t\t\t\t\t\t\t\t\t<img decoding=\"async\" width=\"200\" height=\"200\" src=\"https:\/\/aleeco.pl\/wp-content\/uploads\/2024\/04\/sunny-fruit-200x200.jpg.webp\" class=\"attachment-large size-large wp-image-1334\" alt=\"\" srcset=\"https:\/\/aleeco.pl\/wp-content\/uploads\/2024\/04\/sunny-fruit-200x200.jpg.webp 200w, https:\/\/aleeco.pl\/wp-content\/uploads\/2024\/04\/sunny-fruit-200x200.jpg-100x100.webp 100w, https:\/\/aleeco.pl\/wp-content\/uploads\/2024\/04\/sunny-fruit-200x200.jpg-150x150.webp 150w\" sizes=\"(max-width: 200px) 100vw, 200px\" \/>\t\t\t\t\t\t\t\t\t\t\t\t\t<\/div>\n\t\t\t\t<\/div>\n\t\t\t\t<div class=\"elementor-element elementor-element-7bc4b50 elementor-widget elementor-widget-text-editor\" data-id=\"7bc4b50\" data-element_type=\"widget\" data-widget_type=\"text-editor.default\">\n\t\t\t\t<div class=\"elementor-widget-container\">\n\t\t\t<style>\/*! elementor - v3.21.0 - 26-05-2024 *\/\n.elementor-widget-text-editor.elementor-drop-cap-view-stacked .elementor-drop-cap{background-color:#69727d;color:#fff}.elementor-widget-text-editor.elementor-drop-cap-view-framed .elementor-drop-cap{color:#69727d;border:3px solid;background-color:transparent}.elementor-widget-text-editor:not(.elementor-drop-cap-view-default) .elementor-drop-cap{margin-top:8px}.elementor-widget-text-editor:not(.elementor-drop-cap-view-default) .elementor-drop-cap-letter{width:1em;height:1em}.elementor-widget-text-editor .elementor-drop-cap{float:left;text-align:center;line-height:1;font-size:50px}.elementor-widget-text-editor .elementor-drop-cap-letter{display:inline-block}<\/style>\t\t\t\t<p>Ekologiczne owoce suszone na s\u0142o\u0144cu<\/p>\t\t\t\t\t\t<\/div>\n\t\t\t\t<\/div>\n\t\t\t\t<div class=\"elementor-element elementor-element-a3130c1 elementor-align-center elementor-widget elementor-widget-button\" data-id=\"a3130c1\" data-element_type=\"widget\" data-widget_type=\"button.default\">\n\t\t\t\t<div class=\"elementor-widget-container\">\n\t\t\t\t\t<div class=\"elementor-button-wrapper\">\n\t\t\t<a class=\"elementor-button elementor-button-link elementor-size-sm\" href=\"https:\/\/aleeco.pl\/index.php\/sunny-fruit\/\">\n\t\t\t\t\t\t<span class=\"elementor-button-content-wrapper\">\n\t\t\t\t\t\t\t\t\t<span class=\"elementor-button-text\">Dowiedz si\u0119 wi\u0119cej<\/span>\n\t\t\t\t\t<\/span>\n\t\t\t\t\t<\/a>\n\t\t<\/div>\n\t\t\t\t<\/div>\n\t\t\t\t<\/div>\n\t\t\t\t\t<\/div>\n\t\t<\/div>\n\t\t\t\t<div class=\"elementor-column elementor-col-50 elementor-inner-column elementor-element elementor-element-5e3ad02\" data-id=\"5e3ad02\" data-element_type=\"column\">\n\t\t\t<div class=\"elementor-widget-wrap elementor-element-populated\">\n\t\t\t\t\t\t<div class=\"elementor-element elementor-element-29a5dd1 elementor-widget elementor-widget-image\" data-id=\"29a5dd1\" data-element_type=\"widget\" data-widget_type=\"image.default\">\n\t\t\t\t<div class=\"elementor-widget-container\">\n\t\t\t\t\t\t\t\t\t\t\t\t\t<img fetchpriority=\"high\" decoding=\"async\" width=\"300\" height=\"187\" src=\"https:\/\/aleeco.pl\/wp-content\/uploads\/2024\/03\/Schermata-2016-11-07-alle-14.37.33-300x187.png\" class=\"attachment-medium size-medium wp-image-1217\" alt=\"\" srcset=\"https:\/\/aleeco.pl\/wp-content\/uploads\/2024\/03\/Schermata-2016-11-07-alle-14.37.33-300x187.png 300w, https:\/\/aleeco.pl\/wp-content\/uploads\/2024\/03\/Schermata-2016-11-07-alle-14.37.33-600x374.png 600w, https:\/\/aleeco.pl\/wp-content\/uploads\/2024\/03\/Schermata-2016-11-07-alle-14.37.33-768x479.png 768w, https:\/\/aleeco.pl\/wp-content\/uploads\/2024\/03\/Schermata-2016-11-07-alle-14.37.33.png 995w\" sizes=\"(max-width: 300px) 100vw, 300px\" \/>\t\t\t\t\t\t\t\t\t\t\t\t\t<\/div>\n\t\t\t\t<\/div>\n\t\t\t\t<div class=\"elementor-element elementor-element-7e58d5a elementor-widget elementor-widget-text-editor\" data-id=\"7e58d5a\" data-element_type=\"widget\" data-widget_type=\"text-editor.default\">\n\t\t\t\t<div class=\"elementor-widget-container\">\n\t\t\t\t\t\t\t<p>W\u0142oskie ekologiczne ciasteczka i s\u0142odycze<\/p>\t\t\t\t\t\t<\/div>\n\t\t\t\t<\/div>\n\t\t\t\t<div class=\"elementor-element elementor-element-77056b9 elementor-align-center elementor-widget elementor-widget-button\" data-id=\"77056b9\" data-element_type=\"widget\" data-widget_type=\"button.default\">\n\t\t\t\t<div class=\"elementor-widget-container\">\n\t\t\t\t\t<div class=\"elementor-button-wrapper\">\n\t\t\t<a class=\"elementor-button elementor-button-link elementor-size-sm\" href=\"https:\/\/aleeco.pl\/index.php\/germinalbio\/\">\n\t\t\t\t\t\t<span class=\"elementor-button-content-wrapper\">\n\t\t\t\t\t\t\t\t\t<span class=\"elementor-button-text\">Dowiedz si\u0119 wi\u0119cej<\/span>\n\t\t\t\t\t<\/span>\n\t\t\t\t\t<\/a>\n\t\t<\/div>\n\t\t\t\t<\/div>\n\t\t\t\t<\/div>\n\t\t\t\t\t<\/div>\n\t\t<\/div>\n\t\t\t\t\t<\/div>\n\t\t<\/section>\n\t\t\t\t<section class=\"elementor-section elementor-inner-section elementor-element elementor-element-5a61f5d elementor-section-boxed elementor-section-height-default elementor-section-height-default\" data-id=\"5a61f5d\" data-element_type=\"section\">\n\t\t\t\t\t\t<div class=\"elementor-container elementor-column-gap-default\">\n\t\t\t\t\t<div class=\"elementor-column elementor-col-50 elementor-inner-column elementor-element elementor-element-a1982f5\" data-id=\"a1982f5\" data-element_type=\"column\">\n\t\t\t<div class=\"elementor-widget-wrap elementor-element-populated\">\n\t\t\t\t\t\t<div class=\"elementor-element elementor-element-80e4df1 elementor-widget elementor-widget-image\" data-id=\"80e4df1\" data-element_type=\"widget\" data-widget_type=\"image.default\">\n\t\t\t\t<div class=\"elementor-widget-container\">\n\t\t\t\t\t\t\t\t\t\t\t\t\t<img decoding=\"async\" width=\"300\" height=\"153\" src=\"https:\/\/aleeco.pl\/wp-content\/uploads\/2024\/02\/Outlook-j5vbgpqj-300x153.png\" class=\"attachment-medium size-medium wp-image-1120\" alt=\"\" srcset=\"https:\/\/aleeco.pl\/wp-content\/uploads\/2024\/02\/Outlook-j5vbgpqj-300x153.png 300w, https:\/\/aleeco.pl\/wp-content\/uploads\/2024\/02\/Outlook-j5vbgpqj-600x306.png 600w, https:\/\/aleeco.pl\/wp-content\/uploads\/2024\/02\/Outlook-j5vbgpqj.png 630w\" sizes=\"(max-width: 300px) 100vw, 300px\" \/>\t\t\t\t\t\t\t\t\t\t\t\t\t<\/div>\n\t\t\t\t<\/div>\n\t\t\t\t<div class=\"elementor-element elementor-element-98c1ee1 elementor-widget elementor-widget-text-editor\" data-id=\"98c1ee1\" data-element_type=\"widget\" data-widget_type=\"text-editor.default\">\n\t\t\t\t<div class=\"elementor-widget-container\">\n\t\t\t\t\t\t\t<p>Grillowane warzywa zatopione w oliwie z oliwek<\/p>\t\t\t\t\t\t<\/div>\n\t\t\t\t<\/div>\n\t\t\t\t<div class=\"elementor-element elementor-element-dabb21d elementor-align-center elementor-widget elementor-widget-button\" data-id=\"dabb21d\" data-element_type=\"widget\" data-widget_type=\"button.default\">\n\t\t\t\t<div class=\"elementor-widget-container\">\n\t\t\t\t\t<div class=\"elementor-button-wrapper\">\n\t\t\t<a class=\"elementor-button elementor-button-link elementor-size-sm\" href=\"https:\/\/aleeco.pl\/index.php\/agrimperiale\/\">\n\t\t\t\t\t\t<span class=\"elementor-button-content-wrapper\">\n\t\t\t\t\t\t\t\t\t<span class=\"elementor-button-text\">Dowiedz si\u0119 wi\u0119cej<\/span>\n\t\t\t\t\t<\/span>\n\t\t\t\t\t<\/a>\n\t\t<\/div>\n\t\t\t\t<\/div>\n\t\t\t\t<\/div>\n\t\t\t\t\t<\/div>\n\t\t<\/div>\n\t\t\t\t<div class=\"elementor-column elementor-col-50 elementor-inner-column elementor-element elementor-element-3308d48\" data-id=\"3308d48\" data-element_type=\"column\">\n\t\t\t<div class=\"elementor-widget-wrap elementor-element-populated\">\n\t\t\t\t\t\t<div class=\"elementor-element elementor-element-f86c21b elementor-widget elementor-widget-image\" data-id=\"f86c21b\" data-element_type=\"widget\" data-widget_type=\"image.default\">\n\t\t\t\t<div class=\"elementor-widget-container\">\n\t\t\t\t\t\t\t\t\t\t\t\t\t<img loading=\"lazy\" decoding=\"async\" width=\"150\" height=\"150\" src=\"https:\/\/aleeco.pl\/wp-content\/uploads\/2022\/11\/Official-logo-150x150.png\" class=\"attachment-thumbnail size-thumbnail wp-image-807\" alt=\"\" srcset=\"https:\/\/aleeco.pl\/wp-content\/uploads\/2022\/11\/Official-logo-150x150.png 150w, https:\/\/aleeco.pl\/wp-content\/uploads\/2022\/11\/Official-logo-300x300.png 300w, https:\/\/aleeco.pl\/wp-content\/uploads\/2022\/11\/Official-logo-100x100.png 100w, https:\/\/aleeco.pl\/wp-content\/uploads\/2022\/11\/Official-logo-600x600.png 600w, https:\/\/aleeco.pl\/wp-content\/uploads\/2022\/11\/Official-logo-1024x1024.png 1024w, https:\/\/aleeco.pl\/wp-content\/uploads\/2022\/11\/Official-logo-768x768.png 768w, https:\/\/aleeco.pl\/wp-content\/uploads\/2022\/11\/Official-logo.png 1200w\" sizes=\"(max-width: 150px) 100vw, 150px\" \/>\t\t\t\t\t\t\t\t\t\t\t\t\t<\/div>\n\t\t\t\t<\/div>\n\t\t\t\t<div class=\"elementor-element elementor-element-6be8482 elementor-widget elementor-widget-text-editor\" data-id=\"6be8482\" data-element_type=\"widget\" data-widget_type=\"text-editor.default\">\n\t\t\t\t<div class=\"elementor-widget-container\">\n\t\t\t\t\t\t\t<p>Ozdoby z mchu chrobotka &#8211; marka w\u0142asna!<\/p>\t\t\t\t\t\t<\/div>\n\t\t\t\t<\/div>\n\t\t\t\t<div class=\"elementor-element elementor-element-396eee3 elementor-align-center elementor-widget elementor-widget-button\" data-id=\"396eee3\" data-element_type=\"widget\" data-widget_type=\"button.default\">\n\t\t\t\t<div class=\"elementor-widget-container\">\n\t\t\t\t\t<div class=\"elementor-button-wrapper\">\n\t\t\t<a class=\"elementor-button elementor-button-link elementor-size-sm\" href=\"https:\/\/aleeco.pl\/index.php\/alemech\/\">\n\t\t\t\t\t\t<span class=\"elementor-button-content-wrapper\">\n\t\t\t\t\t\t\t\t\t<span class=\"elementor-button-text\">Dowiedz si\u0119 wi\u0119cej<\/span>\n\t\t\t\t\t<\/span>\n\t\t\t\t\t<\/a>\n\t\t<\/div>\n\t\t\t\t<\/div>\n\t\t\t\t<\/div>\n\t\t\t\t\t<\/div>\n\t\t<\/div>\n\t\t\t\t\t<\/div>\n\t\t<\/section>\n\t\t\t\t\t<\/div>\n\t\t<\/div>\n\t\t\t\t\t<\/div>\n\t\t<\/section>\n\t\t\t\t<\/div>\n\t\t","protected":false},"excerpt":{"rendered":"<p>Ekologiczne owoce suszone na s\u0142o\u0144cu Dowiedz si\u0119 wi\u0119cej W\u0142oskie ekologiczne ciasteczka i s\u0142odycze Dowiedz si\u0119 wi\u0119cej Grillowane warzywa zatopione w oliwie z oliwek Dowiedz si\u0119 wi\u0119cej Ozdoby z mchu chrobotka &#8211; marka w\u0142asna! Dowiedz si\u0119 wi\u0119cej<\/p>\n","protected":false},"author":1,"featured_media":0,"parent":0,"menu_order":0,"comment_status":"closed","ping_status":"closed","template":"","meta":{"_kadence_starter_templates_imported_post":false,"_kad_post_transparent":"","_kad_post_title":"hide","_kad_post_layout":"fullwidth","_kad_post_sidebar_id":"","_kad_post_content_style":"unboxed","_kad_post_vertical_padding":"hide","_kad_post_feature":"hide","_kad_post_feature_position":"","_kad_post_header":false,"_kad_post_footer":false,"footnotes":""},"class_list":["post-1294","page","type-page","status-publish","hentry"],"yoast_head":"<!-- This site is optimized with the Yoast SEO plugin v23.0 - https:\/\/yoast.com\/wordpress\/plugins\/seo\/ -->\n<title>Tylko u nas - AleEco<\/title>\n<meta name=\"robots\" content=\"index, follow, max-snippet:-1, max-image-preview:large, max-video-preview:-1\" \/>\n<link rel=\"canonical\" href=\"https:\/\/aleeco.pl\/index.php\/tylko-u-nas\/\" \/>\n<meta property=\"og:locale\" content=\"pl_PL\" \/>\n<meta property=\"og:type\" content=\"article\" \/>\n<meta property=\"og:title\" content=\"Tylko u nas - AleEco\" \/>\n<meta property=\"og:description\" content=\"Ekologiczne owoce suszone na s\u0142o\u0144cu Dowiedz si\u0119 wi\u0119cej W\u0142oskie ekologiczne ciasteczka i s\u0142odycze Dowiedz si\u0119 wi\u0119cej Grillowane warzywa zatopione w oliwie z oliwek Dowiedz si\u0119 wi\u0119cej Ozdoby z mchu chrobotka &#8211; marka w\u0142asna! Dowiedz si\u0119 wi\u0119cej\" \/>\n<meta property=\"og:url\" content=\"https:\/\/aleeco.pl\/index.php\/tylko-u-nas\/\" \/>\n<meta property=\"og:site_name\" content=\"AleEco\" \/>\n<meta property=\"article:publisher\" content=\"https:\/\/www.facebook.com\/AleEcoDelikatesy\" \/>\n<meta property=\"article:modified_time\" content=\"2024-04-07T08:04:47+00:00\" \/>\n<meta property=\"og:image\" content=\"https:\/\/aleeco.pl\/wp-content\/uploads\/2024\/04\/sunny-fruit-200x200.jpg.webp\" \/>\n<meta name=\"twitter:card\" content=\"summary_large_image\" \/>\n<meta name=\"twitter:label1\" content=\"Szacowany czas czytania\" \/>\n\t<meta name=\"twitter:data1\" content=\"1 minuta\" \/>\n<script type=\"application\/ld+json\" class=\"yoast-schema-graph\">{\"@context\":\"https:\/\/schema.org\",\"@graph\":[{\"@type\":\"WebPage\",\"@id\":\"https:\/\/aleeco.pl\/index.php\/tylko-u-nas\/\",\"url\":\"https:\/\/aleeco.pl\/index.php\/tylko-u-nas\/\",\"name\":\"Tylko u nas - AleEco\",\"isPartOf\":{\"@id\":\"https:\/\/aleeco.pl\/#website\"},\"primaryImageOfPage\":{\"@id\":\"https:\/\/aleeco.pl\/index.php\/tylko-u-nas\/#primaryimage\"},\"image\":{\"@id\":\"https:\/\/aleeco.pl\/index.php\/tylko-u-nas\/#primaryimage\"},\"thumbnailUrl\":\"https:\/\/aleeco.pl\/wp-content\/uploads\/2024\/04\/sunny-fruit-200x200.jpg.webp\",\"datePublished\":\"2024-04-07T07:19:57+00:00\",\"dateModified\":\"2024-04-07T08:04:47+00:00\",\"breadcrumb\":{\"@id\":\"https:\/\/aleeco.pl\/index.php\/tylko-u-nas\/#breadcrumb\"},\"inLanguage\":\"pl-PL\",\"potentialAction\":[{\"@type\":\"ReadAction\",\"target\":[\"https:\/\/aleeco.pl\/index.php\/tylko-u-nas\/\"]}]},{\"@type\":\"ImageObject\",\"inLanguage\":\"pl-PL\",\"@id\":\"https:\/\/aleeco.pl\/index.php\/tylko-u-nas\/#primaryimage\",\"url\":\"https:\/\/aleeco.pl\/wp-content\/uploads\/2024\/04\/sunny-fruit-200x200.jpg.webp\",\"contentUrl\":\"https:\/\/aleeco.pl\/wp-content\/uploads\/2024\/04\/sunny-fruit-200x200.jpg.webp\",\"width\":200,\"height\":200},{\"@type\":\"BreadcrumbList\",\"@id\":\"https:\/\/aleeco.pl\/index.php\/tylko-u-nas\/#breadcrumb\",\"itemListElement\":[{\"@type\":\"ListItem\",\"position\":1,\"name\":\"Strona g\u0142\u00f3wna\",\"item\":\"https:\/\/aleeco.pl\/\"},{\"@type\":\"ListItem\",\"position\":2,\"name\":\"Tylko u nas\"}]},{\"@type\":\"WebSite\",\"@id\":\"https:\/\/aleeco.pl\/#website\",\"url\":\"https:\/\/aleeco.pl\/\",\"name\":\"AleEco\",\"description\":\"Delikatesy Ekologiczne\",\"publisher\":{\"@id\":\"https:\/\/aleeco.pl\/#organization\"},\"potentialAction\":[{\"@type\":\"SearchAction\",\"target\":{\"@type\":\"EntryPoint\",\"urlTemplate\":\"https:\/\/aleeco.pl\/?s={search_term_string}\"},\"query-input\":\"required name=search_term_string\"}],\"inLanguage\":\"pl-PL\"},{\"@type\":\"Organization\",\"@id\":\"https:\/\/aleeco.pl\/#organization\",\"name\":\"Ale Eco Delikatesy Ekologiczne\",\"url\":\"https:\/\/aleeco.pl\/\",\"logo\":{\"@type\":\"ImageObject\",\"inLanguage\":\"pl-PL\",\"@id\":\"https:\/\/aleeco.pl\/#\/schema\/logo\/image\/\",\"url\":\"https:\/\/www.aleeco.pl\/wp-content\/uploads\/2022\/04\/ALEECO-LOGO-PNG.png\",\"contentUrl\":\"https:\/\/www.aleeco.pl\/wp-content\/uploads\/2022\/04\/ALEECO-LOGO-PNG.png\",\"width\":310,\"height\":180,\"caption\":\"Ale Eco Delikatesy Ekologiczne\"},\"image\":{\"@id\":\"https:\/\/aleeco.pl\/#\/schema\/logo\/image\/\"},\"sameAs\":[\"https:\/\/www.facebook.com\/AleEcoDelikatesy\",\"https:\/\/www.instagram.com\/AleEcoDelikatesy\/\"]}]}<\/script>\n<!-- \/ Yoast SEO plugin. -->","yoast_head_json":{"title":"Tylko u nas - AleEco","robots":{"index":"index","follow":"follow","max-snippet":"max-snippet:-1","max-image-preview":"max-image-preview:large","max-video-preview":"max-video-preview:-1"},"canonical":"https:\/\/aleeco.pl\/index.php\/tylko-u-nas\/","og_locale":"pl_PL","og_type":"article","og_title":"Tylko u nas - AleEco","og_description":"Ekologiczne owoce suszone na s\u0142o\u0144cu Dowiedz si\u0119 wi\u0119cej W\u0142oskie ekologiczne ciasteczka i s\u0142odycze Dowiedz si\u0119 wi\u0119cej Grillowane warzywa zatopione w oliwie z oliwek Dowiedz si\u0119 wi\u0119cej Ozdoby z mchu chrobotka &#8211; marka w\u0142asna! Dowiedz si\u0119 wi\u0119cej","og_url":"https:\/\/aleeco.pl\/index.php\/tylko-u-nas\/","og_site_name":"AleEco","article_publisher":"https:\/\/www.facebook.com\/AleEcoDelikatesy","article_modified_time":"2024-04-07T08:04:47+00:00","og_image":[{"url":"https:\/\/aleeco.pl\/wp-content\/uploads\/2024\/04\/sunny-fruit-200x200.jpg.webp"}],"twitter_card":"summary_large_image","twitter_misc":{"Szacowany czas czytania":"1 minuta"},"schema":{"@context":"https:\/\/schema.org","@graph":[{"@type":"WebPage","@id":"https:\/\/aleeco.pl\/index.php\/tylko-u-nas\/","url":"https:\/\/aleeco.pl\/index.php\/tylko-u-nas\/","name":"Tylko u nas - AleEco","isPartOf":{"@id":"https:\/\/aleeco.pl\/#website"},"primaryImageOfPage":{"@id":"https:\/\/aleeco.pl\/index.php\/tylko-u-nas\/#primaryimage"},"image":{"@id":"https:\/\/aleeco.pl\/index.php\/tylko-u-nas\/#primaryimage"},"thumbnailUrl":"https:\/\/aleeco.pl\/wp-content\/uploads\/2024\/04\/sunny-fruit-200x200.jpg.webp","datePublished":"2024-04-07T07:19:57+00:00","dateModified":"2024-04-07T08:04:47+00:00","breadcrumb":{"@id":"https:\/\/aleeco.pl\/index.php\/tylko-u-nas\/#breadcrumb"},"inLanguage":"pl-PL","potentialAction":[{"@type":"ReadAction","target":["https:\/\/aleeco.pl\/index.php\/tylko-u-nas\/"]}]},{"@type":"ImageObject","inLanguage":"pl-PL","@id":"https:\/\/aleeco.pl\/index.php\/tylko-u-nas\/#primaryimage","url":"https:\/\/aleeco.pl\/wp-content\/uploads\/2024\/04\/sunny-fruit-200x200.jpg.webp","contentUrl":"https:\/\/aleeco.pl\/wp-content\/uploads\/2024\/04\/sunny-fruit-200x200.jpg.webp","width":200,"height":200},{"@type":"BreadcrumbList","@id":"https:\/\/aleeco.pl\/index.php\/tylko-u-nas\/#breadcrumb","itemListElement":[{"@type":"ListItem","position":1,"name":"Strona g\u0142\u00f3wna","item":"https:\/\/aleeco.pl\/"},{"@type":"ListItem","position":2,"name":"Tylko u nas"}]},{"@type":"WebSite","@id":"https:\/\/aleeco.pl\/#website","url":"https:\/\/aleeco.pl\/","name":"AleEco","description":"Delikatesy Ekologiczne","publisher":{"@id":"https:\/\/aleeco.pl\/#organization"},"potentialAction":[{"@type":"SearchAction","target":{"@type":"EntryPoint","urlTemplate":"https:\/\/aleeco.pl\/?s={search_term_string}"},"query-input":"required name=search_term_string"}],"inLanguage":"pl-PL"},{"@type":"Organization","@id":"https:\/\/aleeco.pl\/#organization","name":"Ale Eco Delikatesy Ekologiczne","url":"https:\/\/aleeco.pl\/","logo":{"@type":"ImageObject","inLanguage":"pl-PL","@id":"https:\/\/aleeco.pl\/#\/schema\/logo\/image\/","url":"https:\/\/www.aleeco.pl\/wp-content\/uploads\/2022\/04\/ALEECO-LOGO-PNG.png","contentUrl":"https:\/\/www.aleeco.pl\/wp-content\/uploads\/2022\/04\/ALEECO-LOGO-PNG.png","width":310,"height":180,"caption":"Ale Eco Delikatesy Ekologiczne"},"image":{"@id":"https:\/\/aleeco.pl\/#\/schema\/logo\/image\/"},"sameAs":["https:\/\/www.facebook.com\/AleEcoDelikatesy","https:\/\/www.instagram.com\/AleEcoDelikatesy\/"]}]}},"_links":{"self":[{"href":"https:\/\/aleeco.pl\/index.php\/wp-json\/wp\/v2\/pages\/1294","targetHints":{"allow":["GET"]}}],"collection":[{"href":"https:\/\/aleeco.pl\/index.php\/wp-json\/wp\/v2\/pages"}],"about":[{"href":"https:\/\/aleeco.pl\/index.php\/wp-json\/wp\/v2\/types\/page"}],"author":[{"embeddable":true,"href":"https:\/\/aleeco.pl\/index.php\/wp-json\/wp\/v2\/users\/1"}],"replies":[{"embeddable":true,"href":"https:\/\/aleeco.pl\/index.php\/wp-json\/wp\/v2\/comments?post=1294"}],"version-history":[{"count":10,"href":"https:\/\/aleeco.pl\/index.php\/wp-json\/wp\/v2\/pages\/1294\/revisions"}],"predecessor-version":[{"id":1346,"href":"https:\/\/aleeco.pl\/index.php\/wp-json\/wp\/v2\/pages\/1294\/revisions\/1346"}],"wp:attachment":[{"href":"https:\/\/aleeco.pl\/index.php\/wp-json\/wp\/v2\/media?parent=1294"}],"curies":[{"name":"wp","href":"https:\/\/api.w.org\/{rel}","templated":true}]}}