{"id":1868,"date":"2024-06-01T07:45:30","date_gmt":"2024-06-01T05:45:30","guid":{"rendered":"https:\/\/aleeco.pl\/?page_id=1868"},"modified":"2024-08-27T12:05:49","modified_gmt":"2024-08-27T10:05:49","slug":"oferta-hurtowa","status":"publish","type":"page","link":"https:\/\/aleeco.pl\/index.php\/oferta-hurtowa\/","title":{"rendered":"Oferta hurtowa"},"content":{"rendered":"\t\t<div data-elementor-type=\"wp-page\" data-elementor-id=\"1868\" class=\"elementor elementor-1868\">\n\t\t\t\t\t\t<section class=\"elementor-section elementor-top-section elementor-element elementor-element-a5ecf16 elementor-section-boxed elementor-section-height-default elementor-section-height-default\" data-id=\"a5ecf16\" data-element_type=\"section\">\n\t\t\t\t\t\t<div class=\"elementor-container elementor-column-gap-default\">\n\t\t\t\t\t<div class=\"elementor-column elementor-col-100 elementor-top-column elementor-element elementor-element-bf9d187\" data-id=\"bf9d187\" data-element_type=\"column\">\n\t\t\t<div class=\"elementor-widget-wrap elementor-element-populated\">\n\t\t\t\t\t\t<section class=\"elementor-section elementor-inner-section elementor-element elementor-element-431f00b elementor-section-boxed elementor-section-height-default elementor-section-height-default\" data-id=\"431f00b\" data-element_type=\"section\">\n\t\t\t\t\t\t<div class=\"elementor-container elementor-column-gap-default\">\n\t\t\t\t\t<div class=\"elementor-column elementor-col-100 elementor-inner-column elementor-element elementor-element-c1c59a8\" data-id=\"c1c59a8\" data-element_type=\"column\">\n\t\t\t<div class=\"elementor-widget-wrap elementor-element-populated\">\n\t\t\t\t\t\t<div class=\"elementor-element elementor-element-0aba480 elementor-widget elementor-widget-text-editor\" data-id=\"0aba480\" data-element_type=\"widget\" data-widget_type=\"text-editor.default\">\n\t\t\t\t<div class=\"elementor-widget-container\">\n\t\t\t<style>\/*! elementor - v3.21.0 - 26-05-2024 *\/\n.elementor-widget-text-editor.elementor-drop-cap-view-stacked .elementor-drop-cap{background-color:#69727d;color:#fff}.elementor-widget-text-editor.elementor-drop-cap-view-framed .elementor-drop-cap{color:#69727d;border:3px solid;background-color:transparent}.elementor-widget-text-editor:not(.elementor-drop-cap-view-default) .elementor-drop-cap{margin-top:8px}.elementor-widget-text-editor:not(.elementor-drop-cap-view-default) .elementor-drop-cap-letter{width:1em;height:1em}.elementor-widget-text-editor .elementor-drop-cap{float:left;text-align:center;line-height:1;font-size:50px}.elementor-widget-text-editor .elementor-drop-cap-letter{display:inline-block}<\/style>\t\t\t\t<p data-sourcepos=\"1:1-1:55\"><strong>Szukasz unikatowych, ekologicznych produkt\u00f3w, kt\u00f3re pomog\u0105 Ci wyr\u00f3\u017cni\u0107 si\u0119 wyr\u00f3\u017cni\u0107 w\u015br\u00f3d konkurencji?<\/strong><\/p><p data-sourcepos=\"3:1-3:129\">Zapraszamy do zapoznania si\u0119 z ofert\u0105 dedykowan\u0105 specjalistycznym sklepom ze zdrow\u0105 \u017cywno\u015bci\u0105, produktami bezglutenowymi, w\u0142oskimi delikatesami oraz innym.<\/p><p data-sourcepos=\"3:1-3:129\">W ofercie posiadamy ponad 100 produkt\u00f3w niedost\u0119pnych nigdzie indziej w Polsce.\u00a0<\/p><p data-sourcepos=\"3:1-3:129\">Wyr\u00f3\u017cnij si\u0119 swoj\u0105 ofert\u0105!<\/p>\t\t\t\t\t\t<\/div>\n\t\t\t\t<\/div>\n\t\t\t\t\t<\/div>\n\t\t<\/div>\n\t\t\t\t\t<\/div>\n\t\t<\/section>\n\t\t\t\t<section class=\"elementor-section elementor-inner-section elementor-element elementor-element-a65fc15 elementor-section-boxed elementor-section-height-default elementor-section-height-default\" data-id=\"a65fc15\" data-element_type=\"section\">\n\t\t\t\t\t\t<div class=\"elementor-container elementor-column-gap-default\">\n\t\t\t\t\t<div class=\"elementor-column elementor-col-50 elementor-inner-column elementor-element elementor-element-e5333ff\" data-id=\"e5333ff\" data-element_type=\"column\">\n\t\t\t<div class=\"elementor-widget-wrap elementor-element-populated\">\n\t\t\t\t\t\t<div class=\"elementor-element elementor-element-9186aeb elementor-widget elementor-widget-text-editor\" data-id=\"9186aeb\" data-element_type=\"widget\" data-widget_type=\"text-editor.default\">\n\t\t\t\t<div class=\"elementor-widget-container\">\n\t\t\t\t\t\t\t<p data-sourcepos=\"1:1-1:55\"><b>Uzupe\u0142nij formularz lub skontaktuj si\u0119 z nami telefonicznie<\/b><\/p>\t\t\t\t\t\t<\/div>\n\t\t\t\t<\/div>\n\t\t\t\t\t<\/div>\n\t\t<\/div>\n\t\t\t\t<div class=\"elementor-column elementor-col-50 elementor-inner-column elementor-element elementor-element-1e0844e\" data-id=\"1e0844e\" data-element_type=\"column\">\n\t\t\t<div class=\"elementor-widget-wrap elementor-element-populated\">\n\t\t\t\t\t\t<div class=\"elementor-element elementor-element-e0b0cb1 elementor-widget elementor-widget-text-editor\" data-id=\"e0b0cb1\" data-element_type=\"widget\" data-widget_type=\"text-editor.default\">\n\t\t\t\t<div class=\"elementor-widget-container\">\n\t\t\t\t\t\t\t<p data-sourcepos=\"3:1-3:129\">E-Mail: biuro@aleeco.pl<br \/>Tel. 508 455 791<\/p>\t\t\t\t\t\t<\/div>\n\t\t\t\t<\/div>\n\t\t\t\t\t<\/div>\n\t\t<\/div>\n\t\t\t\t\t<\/div>\n\t\t<\/section>\n\t\t\t\t<div class=\"elementor-element elementor-element-708f1d4 elementor-align-center elementor-widget elementor-widget-button\" data-id=\"708f1d4\" data-element_type=\"widget\" data-widget_type=\"button.default\">\n\t\t\t\t<div class=\"elementor-widget-container\">\n\t\t\t\t\t<div class=\"elementor-button-wrapper\">\n\t\t\t<a class=\"elementor-button elementor-button-link elementor-size-sm\" href=\"https:\/\/sklep-aleeco.pl\/pl\/\">\n\t\t\t\t\t\t<span class=\"elementor-button-content-wrapper\">\n\t\t\t\t\t\t\t\t\t<span class=\"elementor-button-text\">PRZEJD\u0179 DO B2B<\/span>\n\t\t\t\t\t<\/span>\n\t\t\t\t\t<\/a>\n\t\t<\/div>\n\t\t\t\t<\/div>\n\t\t\t\t<\/div>\n\t\t\t\t<div class=\"elementor-element elementor-element-4ba4d20 elementor-widget-divider--view-line elementor-widget elementor-widget-divider\" data-id=\"4ba4d20\" data-element_type=\"widget\" data-widget_type=\"divider.default\">\n\t\t\t\t<div class=\"elementor-widget-container\">\n\t\t\t<style>\/*! elementor - v3.21.0 - 26-05-2024 *\/\n.elementor-widget-divider{--divider-border-style:none;--divider-border-width:1px;--divider-color:#0c0d0e;--divider-icon-size:20px;--divider-element-spacing:10px;--divider-pattern-height:24px;--divider-pattern-size:20px;--divider-pattern-url:none;--divider-pattern-repeat:repeat-x}.elementor-widget-divider .elementor-divider{display:flex}.elementor-widget-divider .elementor-divider__text{font-size:15px;line-height:1;max-width:95%}.elementor-widget-divider .elementor-divider__element{margin:0 var(--divider-element-spacing);flex-shrink:0}.elementor-widget-divider .elementor-icon{font-size:var(--divider-icon-size)}.elementor-widget-divider .elementor-divider-separator{display:flex;margin:0;direction:ltr}.elementor-widget-divider--view-line_icon .elementor-divider-separator,.elementor-widget-divider--view-line_text .elementor-divider-separator{align-items:center}.elementor-widget-divider--view-line_icon .elementor-divider-separator:after,.elementor-widget-divider--view-line_icon .elementor-divider-separator:before,.elementor-widget-divider--view-line_text .elementor-divider-separator:after,.elementor-widget-divider--view-line_text .elementor-divider-separator:before{display:block;content:\"\";border-block-end:0;flex-grow:1;border-block-start:var(--divider-border-width) var(--divider-border-style) var(--divider-color)}.elementor-widget-divider--element-align-left .elementor-divider .elementor-divider-separator>.elementor-divider__svg:first-of-type{flex-grow:0;flex-shrink:100}.elementor-widget-divider--element-align-left .elementor-divider-separator:before{content:none}.elementor-widget-divider--element-align-left .elementor-divider__element{margin-left:0}.elementor-widget-divider--element-align-right .elementor-divider .elementor-divider-separator>.elementor-divider__svg:last-of-type{flex-grow:0;flex-shrink:100}.elementor-widget-divider--element-align-right .elementor-divider-separator:after{content:none}.elementor-widget-divider--element-align-right .elementor-divider__element{margin-right:0}.elementor-widget-divider--element-align-start .elementor-divider .elementor-divider-separator>.elementor-divider__svg:first-of-type{flex-grow:0;flex-shrink:100}.elementor-widget-divider--element-align-start .elementor-divider-separator:before{content:none}.elementor-widget-divider--element-align-start .elementor-divider__element{margin-inline-start:0}.elementor-widget-divider--element-align-end .elementor-divider .elementor-divider-separator>.elementor-divider__svg:last-of-type{flex-grow:0;flex-shrink:100}.elementor-widget-divider--element-align-end .elementor-divider-separator:after{content:none}.elementor-widget-divider--element-align-end .elementor-divider__element{margin-inline-end:0}.elementor-widget-divider:not(.elementor-widget-divider--view-line_text):not(.elementor-widget-divider--view-line_icon) .elementor-divider-separator{border-block-start:var(--divider-border-width) var(--divider-border-style) var(--divider-color)}.elementor-widget-divider--separator-type-pattern{--divider-border-style:none}.elementor-widget-divider--separator-type-pattern.elementor-widget-divider--view-line .elementor-divider-separator,.elementor-widget-divider--separator-type-pattern:not(.elementor-widget-divider--view-line) .elementor-divider-separator:after,.elementor-widget-divider--separator-type-pattern:not(.elementor-widget-divider--view-line) .elementor-divider-separator:before,.elementor-widget-divider--separator-type-pattern:not([class*=elementor-widget-divider--view]) .elementor-divider-separator{width:100%;min-height:var(--divider-pattern-height);-webkit-mask-size:var(--divider-pattern-size) 100%;mask-size:var(--divider-pattern-size) 100%;-webkit-mask-repeat:var(--divider-pattern-repeat);mask-repeat:var(--divider-pattern-repeat);background-color:var(--divider-color);-webkit-mask-image:var(--divider-pattern-url);mask-image:var(--divider-pattern-url)}.elementor-widget-divider--no-spacing{--divider-pattern-size:auto}.elementor-widget-divider--bg-round{--divider-pattern-repeat:round}.rtl .elementor-widget-divider .elementor-divider__text{direction:rtl}.e-con-inner>.elementor-widget-divider,.e-con>.elementor-widget-divider{width:var(--container-widget-width,100%);--flex-grow:var(--container-widget-flex-grow)}<\/style>\t\t<div class=\"elementor-divider\">\n\t\t\t<span class=\"elementor-divider-separator\">\n\t\t\t\t\t\t<\/span>\n\t\t<\/div>\n\t\t\t\t<\/div>\n\t\t\t\t<\/div>\n\t\t\t\t<div class=\"elementor-element elementor-element-f9814ea elementor-widget elementor-widget-image\" data-id=\"f9814ea\" data-element_type=\"widget\" data-widget_type=\"image.default\">\n\t\t\t\t<div class=\"elementor-widget-container\">\n\t\t\t<style>\/*! elementor - v3.21.0 - 26-05-2024 *\/\n.elementor-widget-image{text-align:center}.elementor-widget-image a{display:inline-block}.elementor-widget-image a img[src$=\".svg\"]{width:48px}.elementor-widget-image img{vertical-align:middle;display:inline-block}<\/style>\t\t\t\t\t\t\t\t\t\t<img fetchpriority=\"high\" decoding=\"async\" width=\"724\" height=\"1024\" src=\"https:\/\/aleeco.pl\/wp-content\/uploads\/2024\/06\/1-724x1024.jpg\" class=\"attachment-large size-large wp-image-1871\" alt=\"\" srcset=\"https:\/\/aleeco.pl\/wp-content\/uploads\/2024\/06\/1-724x1024.jpg 724w, https:\/\/aleeco.pl\/wp-content\/uploads\/2024\/06\/1-scaled-600x849.jpg 600w, https:\/\/aleeco.pl\/wp-content\/uploads\/2024\/06\/1-212x300.jpg 212w, https:\/\/aleeco.pl\/wp-content\/uploads\/2024\/06\/1-768x1086.jpg 768w, https:\/\/aleeco.pl\/wp-content\/uploads\/2024\/06\/1-1086x1536.jpg 1086w, https:\/\/aleeco.pl\/wp-content\/uploads\/2024\/06\/1-1448x2048.jpg 1448w, https:\/\/aleeco.pl\/wp-content\/uploads\/2024\/06\/1-scaled.jpg 1810w\" sizes=\"(max-width: 724px) 100vw, 724px\" \/>\t\t\t\t\t\t\t\t\t\t\t\t\t<\/div>\n\t\t\t\t<\/div>\n\t\t\t\t\t<\/div>\n\t\t<\/div>\n\t\t\t\t\t<\/div>\n\t\t<\/section>\n\t\t\t\t<\/div>\n\t\t","protected":false},"excerpt":{"rendered":"<p>Szukasz unikatowych, ekologicznych produkt\u00f3w, kt\u00f3re pomog\u0105 Ci wyr\u00f3\u017cni\u0107 si\u0119 wyr\u00f3\u017cni\u0107 w\u015br\u00f3d konkurencji? Zapraszamy do zapoznania si\u0119 z ofert\u0105 dedykowan\u0105 specjalistycznym sklepom ze zdrow\u0105 \u017cywno\u015bci\u0105, produktami bezglutenowymi, w\u0142oskimi delikatesami oraz innym. W ofercie posiadamy ponad 100 produkt\u00f3w niedost\u0119pnych nigdzie indziej w Polsce.\u00a0 Wyr\u00f3\u017cnij si\u0119 swoj\u0105 ofert\u0105! Uzupe\u0142nij formularz lub skontaktuj si\u0119 z nami telefonicznie E-Mail: biuro@aleeco.plTel&#8230;.<\/p>\n","protected":false},"author":1,"featured_media":0,"parent":0,"menu_order":0,"comment_status":"closed","ping_status":"closed","template":"","meta":{"_kadence_starter_templates_imported_post":false,"_kad_post_transparent":"","_kad_post_title":"hide","_kad_post_layout":"fullwidth","_kad_post_sidebar_id":"","_kad_post_content_style":"unboxed","_kad_post_vertical_padding":"hide","_kad_post_feature":"hide","_kad_post_feature_position":"","_kad_post_header":false,"_kad_post_footer":false,"footnotes":""},"class_list":["post-1868","page","type-page","status-publish","hentry"],"yoast_head":"<!-- This site is optimized with the Yoast SEO plugin v23.0 - https:\/\/yoast.com\/wordpress\/plugins\/seo\/ -->\n<title>Oferta hurtowa - AleEco<\/title>\n<meta name=\"robots\" content=\"index, follow, max-snippet:-1, max-image-preview:large, max-video-preview:-1\" \/>\n<link rel=\"canonical\" href=\"https:\/\/aleeco.pl\/index.php\/oferta-hurtowa\/\" \/>\n<meta property=\"og:locale\" content=\"pl_PL\" \/>\n<meta property=\"og:type\" content=\"article\" \/>\n<meta property=\"og:title\" content=\"Oferta hurtowa - AleEco\" \/>\n<meta property=\"og:description\" content=\"Szukasz unikatowych, ekologicznych produkt\u00f3w, kt\u00f3re pomog\u0105 Ci wyr\u00f3\u017cni\u0107 si\u0119 wyr\u00f3\u017cni\u0107 w\u015br\u00f3d konkurencji? Zapraszamy do zapoznania si\u0119 z ofert\u0105 dedykowan\u0105 specjalistycznym sklepom ze zdrow\u0105 \u017cywno\u015bci\u0105, produktami bezglutenowymi, w\u0142oskimi delikatesami oraz innym. W ofercie posiadamy ponad 100 produkt\u00f3w niedost\u0119pnych nigdzie indziej w Polsce.\u00a0 Wyr\u00f3\u017cnij si\u0119 swoj\u0105 ofert\u0105! Uzupe\u0142nij formularz lub skontaktuj si\u0119 z nami telefonicznie E-Mail: biuro@aleeco.plTel....\" \/>\n<meta property=\"og:url\" content=\"https:\/\/aleeco.pl\/index.php\/oferta-hurtowa\/\" \/>\n<meta property=\"og:site_name\" content=\"AleEco\" \/>\n<meta property=\"article:publisher\" content=\"https:\/\/www.facebook.com\/AleEcoDelikatesy\" \/>\n<meta property=\"article:modified_time\" content=\"2024-08-27T10:05:49+00:00\" \/>\n<meta property=\"og:image\" content=\"https:\/\/aleeco.pl\/wp-content\/uploads\/2024\/06\/1-724x1024.jpg\" \/>\n<meta name=\"twitter:card\" content=\"summary_large_image\" \/>\n<meta name=\"twitter:label1\" content=\"Szacowany czas czytania\" \/>\n\t<meta name=\"twitter:data1\" content=\"1 minuta\" \/>\n<script type=\"application\/ld+json\" class=\"yoast-schema-graph\">{\"@context\":\"https:\/\/schema.org\",\"@graph\":[{\"@type\":\"WebPage\",\"@id\":\"https:\/\/aleeco.pl\/index.php\/oferta-hurtowa\/\",\"url\":\"https:\/\/aleeco.pl\/index.php\/oferta-hurtowa\/\",\"name\":\"Oferta hurtowa - AleEco\",\"isPartOf\":{\"@id\":\"https:\/\/aleeco.pl\/#website\"},\"primaryImageOfPage\":{\"@id\":\"https:\/\/aleeco.pl\/index.php\/oferta-hurtowa\/#primaryimage\"},\"image\":{\"@id\":\"https:\/\/aleeco.pl\/index.php\/oferta-hurtowa\/#primaryimage\"},\"thumbnailUrl\":\"https:\/\/aleeco.pl\/wp-content\/uploads\/2024\/06\/1-724x1024.jpg\",\"datePublished\":\"2024-06-01T05:45:30+00:00\",\"dateModified\":\"2024-08-27T10:05:49+00:00\",\"breadcrumb\":{\"@id\":\"https:\/\/aleeco.pl\/index.php\/oferta-hurtowa\/#breadcrumb\"},\"inLanguage\":\"pl-PL\",\"potentialAction\":[{\"@type\":\"ReadAction\",\"target\":[\"https:\/\/aleeco.pl\/index.php\/oferta-hurtowa\/\"]}]},{\"@type\":\"ImageObject\",\"inLanguage\":\"pl-PL\",\"@id\":\"https:\/\/aleeco.pl\/index.php\/oferta-hurtowa\/#primaryimage\",\"url\":\"https:\/\/aleeco.pl\/wp-content\/uploads\/2024\/06\/1-scaled.jpg\",\"contentUrl\":\"https:\/\/aleeco.pl\/wp-content\/uploads\/2024\/06\/1-scaled.jpg\",\"width\":1810,\"height\":2560},{\"@type\":\"BreadcrumbList\",\"@id\":\"https:\/\/aleeco.pl\/index.php\/oferta-hurtowa\/#breadcrumb\",\"itemListElement\":[{\"@type\":\"ListItem\",\"position\":1,\"name\":\"Strona g\u0142\u00f3wna\",\"item\":\"https:\/\/aleeco.pl\/\"},{\"@type\":\"ListItem\",\"position\":2,\"name\":\"Oferta hurtowa\"}]},{\"@type\":\"WebSite\",\"@id\":\"https:\/\/aleeco.pl\/#website\",\"url\":\"https:\/\/aleeco.pl\/\",\"name\":\"AleEco\",\"description\":\"Delikatesy Ekologiczne\",\"publisher\":{\"@id\":\"https:\/\/aleeco.pl\/#organization\"},\"potentialAction\":[{\"@type\":\"SearchAction\",\"target\":{\"@type\":\"EntryPoint\",\"urlTemplate\":\"https:\/\/aleeco.pl\/?s={search_term_string}\"},\"query-input\":\"required name=search_term_string\"}],\"inLanguage\":\"pl-PL\"},{\"@type\":\"Organization\",\"@id\":\"https:\/\/aleeco.pl\/#organization\",\"name\":\"Ale Eco Delikatesy Ekologiczne\",\"url\":\"https:\/\/aleeco.pl\/\",\"logo\":{\"@type\":\"ImageObject\",\"inLanguage\":\"pl-PL\",\"@id\":\"https:\/\/aleeco.pl\/#\/schema\/logo\/image\/\",\"url\":\"https:\/\/www.aleeco.pl\/wp-content\/uploads\/2022\/04\/ALEECO-LOGO-PNG.png\",\"contentUrl\":\"https:\/\/www.aleeco.pl\/wp-content\/uploads\/2022\/04\/ALEECO-LOGO-PNG.png\",\"width\":310,\"height\":180,\"caption\":\"Ale Eco Delikatesy Ekologiczne\"},\"image\":{\"@id\":\"https:\/\/aleeco.pl\/#\/schema\/logo\/image\/\"},\"sameAs\":[\"https:\/\/www.facebook.com\/AleEcoDelikatesy\",\"https:\/\/www.instagram.com\/AleEcoDelikatesy\/\"]}]}<\/script>\n<!-- \/ Yoast SEO plugin. -->","yoast_head_json":{"title":"Oferta hurtowa - AleEco","robots":{"index":"index","follow":"follow","max-snippet":"max-snippet:-1","max-image-preview":"max-image-preview:large","max-video-preview":"max-video-preview:-1"},"canonical":"https:\/\/aleeco.pl\/index.php\/oferta-hurtowa\/","og_locale":"pl_PL","og_type":"article","og_title":"Oferta hurtowa - AleEco","og_description":"Szukasz unikatowych, ekologicznych produkt\u00f3w, kt\u00f3re pomog\u0105 Ci wyr\u00f3\u017cni\u0107 si\u0119 wyr\u00f3\u017cni\u0107 w\u015br\u00f3d konkurencji? Zapraszamy do zapoznania si\u0119 z ofert\u0105 dedykowan\u0105 specjalistycznym sklepom ze zdrow\u0105 \u017cywno\u015bci\u0105, produktami bezglutenowymi, w\u0142oskimi delikatesami oraz innym. W ofercie posiadamy ponad 100 produkt\u00f3w niedost\u0119pnych nigdzie indziej w Polsce.\u00a0 Wyr\u00f3\u017cnij si\u0119 swoj\u0105 ofert\u0105! Uzupe\u0142nij formularz lub skontaktuj si\u0119 z nami telefonicznie E-Mail: biuro@aleeco.plTel....","og_url":"https:\/\/aleeco.pl\/index.php\/oferta-hurtowa\/","og_site_name":"AleEco","article_publisher":"https:\/\/www.facebook.com\/AleEcoDelikatesy","article_modified_time":"2024-08-27T10:05:49+00:00","og_image":[{"url":"https:\/\/aleeco.pl\/wp-content\/uploads\/2024\/06\/1-724x1024.jpg"}],"twitter_card":"summary_large_image","twitter_misc":{"Szacowany czas czytania":"1 minuta"},"schema":{"@context":"https:\/\/schema.org","@graph":[{"@type":"WebPage","@id":"https:\/\/aleeco.pl\/index.php\/oferta-hurtowa\/","url":"https:\/\/aleeco.pl\/index.php\/oferta-hurtowa\/","name":"Oferta hurtowa - AleEco","isPartOf":{"@id":"https:\/\/aleeco.pl\/#website"},"primaryImageOfPage":{"@id":"https:\/\/aleeco.pl\/index.php\/oferta-hurtowa\/#primaryimage"},"image":{"@id":"https:\/\/aleeco.pl\/index.php\/oferta-hurtowa\/#primaryimage"},"thumbnailUrl":"https:\/\/aleeco.pl\/wp-content\/uploads\/2024\/06\/1-724x1024.jpg","datePublished":"2024-06-01T05:45:30+00:00","dateModified":"2024-08-27T10:05:49+00:00","breadcrumb":{"@id":"https:\/\/aleeco.pl\/index.php\/oferta-hurtowa\/#breadcrumb"},"inLanguage":"pl-PL","potentialAction":[{"@type":"ReadAction","target":["https:\/\/aleeco.pl\/index.php\/oferta-hurtowa\/"]}]},{"@type":"ImageObject","inLanguage":"pl-PL","@id":"https:\/\/aleeco.pl\/index.php\/oferta-hurtowa\/#primaryimage","url":"https:\/\/aleeco.pl\/wp-content\/uploads\/2024\/06\/1-scaled.jpg","contentUrl":"https:\/\/aleeco.pl\/wp-content\/uploads\/2024\/06\/1-scaled.jpg","width":1810,"height":2560},{"@type":"BreadcrumbList","@id":"https:\/\/aleeco.pl\/index.php\/oferta-hurtowa\/#breadcrumb","itemListElement":[{"@type":"ListItem","position":1,"name":"Strona g\u0142\u00f3wna","item":"https:\/\/aleeco.pl\/"},{"@type":"ListItem","position":2,"name":"Oferta hurtowa"}]},{"@type":"WebSite","@id":"https:\/\/aleeco.pl\/#website","url":"https:\/\/aleeco.pl\/","name":"AleEco","description":"Delikatesy Ekologiczne","publisher":{"@id":"https:\/\/aleeco.pl\/#organization"},"potentialAction":[{"@type":"SearchAction","target":{"@type":"EntryPoint","urlTemplate":"https:\/\/aleeco.pl\/?s={search_term_string}"},"query-input":"required name=search_term_string"}],"inLanguage":"pl-PL"},{"@type":"Organization","@id":"https:\/\/aleeco.pl\/#organization","name":"Ale Eco Delikatesy Ekologiczne","url":"https:\/\/aleeco.pl\/","logo":{"@type":"ImageObject","inLanguage":"pl-PL","@id":"https:\/\/aleeco.pl\/#\/schema\/logo\/image\/","url":"https:\/\/www.aleeco.pl\/wp-content\/uploads\/2022\/04\/ALEECO-LOGO-PNG.png","contentUrl":"https:\/\/www.aleeco.pl\/wp-content\/uploads\/2022\/04\/ALEECO-LOGO-PNG.png","width":310,"height":180,"caption":"Ale Eco Delikatesy Ekologiczne"},"image":{"@id":"https:\/\/aleeco.pl\/#\/schema\/logo\/image\/"},"sameAs":["https:\/\/www.facebook.com\/AleEcoDelikatesy","https:\/\/www.instagram.com\/AleEcoDelikatesy\/"]}]}},"_links":{"self":[{"href":"https:\/\/aleeco.pl\/index.php\/wp-json\/wp\/v2\/pages\/1868","targetHints":{"allow":["GET"]}}],"collection":[{"href":"https:\/\/aleeco.pl\/index.php\/wp-json\/wp\/v2\/pages"}],"about":[{"href":"https:\/\/aleeco.pl\/index.php\/wp-json\/wp\/v2\/types\/page"}],"author":[{"embeddable":true,"href":"https:\/\/aleeco.pl\/index.php\/wp-json\/wp\/v2\/users\/1"}],"replies":[{"embeddable":true,"href":"https:\/\/aleeco.pl\/index.php\/wp-json\/wp\/v2\/comments?post=1868"}],"version-history":[{"count":16,"href":"https:\/\/aleeco.pl\/index.php\/wp-json\/wp\/v2\/pages\/1868\/revisions"}],"predecessor-version":[{"id":2106,"href":"https:\/\/aleeco.pl\/index.php\/wp-json\/wp\/v2\/pages\/1868\/revisions\/2106"}],"wp:attachment":[{"href":"https:\/\/aleeco.pl\/index.php\/wp-json\/wp\/v2\/media?parent=1868"}],"curies":[{"name":"wp","href":"https:\/\/api.w.org\/{rel}","templated":true}]}}